{"id":852,"date":"2025-06-01T17:12:28","date_gmt":"2025-06-01T17:12:28","guid":{"rendered":"https:\/\/mzsolutions.hr\/?page_id=852"},"modified":"2025-06-01T17:32:21","modified_gmt":"2025-06-01T17:32:21","slug":"blog","status":"publish","type":"page","link":"https:\/\/mzsolutions.hr\/en\/blog\/","title":{"rendered":"Blog"},"content":{"rendered":"<div class=\"wp-block-query is-layout-flow wp-block-query-is-layout-flow\"><ul class=\"wp-block-post-template is-layout-flow wp-block-post-template-is-layout-flow\"><li class=\"wp-block-post post-1062 post type-post status-publish format-standard has-post-thumbnail hentry category-blog\">\n<h2 class=\"wp-block-post-title\"><a href=\"https:\/\/mzsolutions.hr\/en\/9-besplatnih-google-seo-alata-2025\/\" target=\"_self\" >Vodi\u010d: 9 najboljih besplatnih Googleovih SEO alata u 2025. \u2013 kompletan vodi\u010d za bolje rangiranje<\/a><\/h2>\n\n<figure class=\"alignwide wp-block-post-featured-image\"><a href=\"https:\/\/mzsolutions.hr\/en\/9-besplatnih-google-seo-alata-2025\/\" target=\"_self\"  ><img loading=\"lazy\" decoding=\"async\" width=\"2560\" height=\"1703\" src=\"https:\/\/mzsolutions.hr\/wp-content\/uploads\/2024\/07\/pexels-caio-67112-1-edited-scaled.jpg\" class=\"attachment-post-thumbnail size-post-thumbnail wp-post-image\" alt=\"Vodi\u010d: 9 najboljih besplatnih Googleovih SEO alata u 2025. \u2013 kompletan vodi\u010d za bolje rangiranje\" style=\"object-fit:cover;\" srcset=\"https:\/\/mzsolutions.hr\/wp-content\/uploads\/2024\/07\/pexels-caio-67112-1-edited-scaled.jpg 2560w, https:\/\/mzsolutions.hr\/wp-content\/uploads\/2024\/07\/pexels-caio-67112-1-edited-300x200.jpg 300w, https:\/\/mzsolutions.hr\/wp-content\/uploads\/2024\/07\/pexels-caio-67112-1-edited-1024x681.jpg 1024w, https:\/\/mzsolutions.hr\/wp-content\/uploads\/2024\/07\/pexels-caio-67112-1-edited-768x511.jpg 768w, https:\/\/mzsolutions.hr\/wp-content\/uploads\/2024\/07\/pexels-caio-67112-1-edited-1536x1022.jpg 1536w, https:\/\/mzsolutions.hr\/wp-content\/uploads\/2024\/07\/pexels-caio-67112-1-edited-2048x1362.jpg 2048w, https:\/\/mzsolutions.hr\/wp-content\/uploads\/2024\/07\/pexels-caio-67112-1-edited-18x12.jpg 18w\" sizes=\"auto, (max-width: 2560px) 100vw, 2560px\" \/><\/a><\/figure>\n\n<div class=\"wp-block-post-excerpt\"><p class=\"wp-block-post-excerpt__excerpt\">SEO vi\u0161e nije luksuz \u2013 danas je to temelj svakog uspje\u0161nog digitalnog poslovanja. I bez obzira na to jeste li mali poduzetnik, bloger, marketinga\u0161 ili vodite veliki web shop, imate jednu ogromnu prednost: Google sam nudi besplatne alate koji vam mogu dati gotovo sve \u0161to trebate da pobolj\u0161ate pozicije u pretrazi. Problem je taj \u0161to&hellip; <\/p><\/div>\n\n\n<hr class=\"wp-block-separator has-css-opacity\"\/>\n\n\n<div class=\"wp-block-post-date\"><time datetime=\"2025-11-09T19:35:22+00:00\">November 9, 2025<\/time><\/div>\n<\/li><li class=\"wp-block-post post-1009 post type-post status-publish format-standard has-post-thumbnail hentry category-blog category-link-building\">\n<h2 class=\"wp-block-post-title\"><a href=\"https:\/\/mzsolutions.hr\/en\/pagerank-2025\/\" target=\"_self\" >Google PageRank 2025: kako funkcionira i za\u0161to je jo\u0161 uvijek va\u017ean<\/a><\/h2>\n\n<figure class=\"alignwide wp-block-post-featured-image\"><a href=\"https:\/\/mzsolutions.hr\/en\/pagerank-2025\/\" target=\"_self\"  ><img loading=\"lazy\" decoding=\"async\" width=\"2560\" height=\"1700\" src=\"https:\/\/mzsolutions.hr\/wp-content\/uploads\/2025\/06\/Google-on-tablet-scaled.jpg\" class=\"attachment-post-thumbnail size-post-thumbnail wp-post-image\" alt=\"Google PageRank 2025: kako funkcionira i za\u0161to je jo\u0161 uvijek va\u017ean\" style=\"object-fit:cover;\" srcset=\"https:\/\/mzsolutions.hr\/wp-content\/uploads\/2025\/06\/Google-on-tablet-scaled.jpg 2560w, https:\/\/mzsolutions.hr\/wp-content\/uploads\/2025\/06\/Google-on-tablet-300x199.jpg 300w, https:\/\/mzsolutions.hr\/wp-content\/uploads\/2025\/06\/Google-on-tablet-1024x680.jpg 1024w, https:\/\/mzsolutions.hr\/wp-content\/uploads\/2025\/06\/Google-on-tablet-768x510.jpg 768w, https:\/\/mzsolutions.hr\/wp-content\/uploads\/2025\/06\/Google-on-tablet-1536x1020.jpg 1536w, https:\/\/mzsolutions.hr\/wp-content\/uploads\/2025\/06\/Google-on-tablet-2048x1360.jpg 2048w, https:\/\/mzsolutions.hr\/wp-content\/uploads\/2025\/06\/Google-on-tablet-18x12.jpg 18w\" sizes=\"auto, (max-width: 2560px) 100vw, 2560px\" \/><\/a><\/figure>\n\n<div class=\"wp-block-post-excerpt\"><p class=\"wp-block-post-excerpt__excerpt\">Kada govorimo o povijesti SEO-a, te\u0161ko je ne spomenuti PageRank, jedan od prvih i najva\u017enijih algoritama koji je Google u\u010dinio dominantnom tra\u017eilicom kakvu danas poznajemo. Iako je od njegova uvo\u0111enja pro\u0161lo vi\u0161e od dva desetlje\u0107a, i iako ga ve\u0107 dugo ne mo\u017eemo vidjeti javno kroz Google Toolbar, PageRank je i danas aktivan \u201eiza kulisa\u201c i&hellip; <\/p><\/div>\n\n\n<hr class=\"wp-block-separator has-css-opacity\"\/>\n\n\n<div class=\"wp-block-post-date\"><time datetime=\"2025-06-17T19:28:29+00:00\">June 17, 2025<\/time><\/div>\n<\/li><li class=\"wp-block-post post-937 post type-post status-publish format-standard has-post-thumbnail hentry category-blog category-link-building\">\n<h2 class=\"wp-block-post-title\"><a href=\"https:\/\/mzsolutions.hr\/en\/sto-je-anchor-tekst\/\" target=\"_self\" >Anchor tekst \u2013 definicija, vrste i kako ga ispravno koristiti\u00a0<\/a><\/h2>\n\n<figure class=\"alignwide wp-block-post-featured-image\"><a href=\"https:\/\/mzsolutions.hr\/en\/sto-je-anchor-tekst\/\" target=\"_self\"  ><img loading=\"lazy\" decoding=\"async\" width=\"2560\" height=\"1704\" src=\"https:\/\/mzsolutions.hr\/wp-content\/uploads\/2025\/06\/Anchor-HTML-code-scaled.jpg\" class=\"attachment-post-thumbnail size-post-thumbnail wp-post-image\" alt=\"Anchor tekst \u2013 definicija, vrste i kako ga ispravno koristiti\u00a0\" style=\"object-fit:cover;\" srcset=\"https:\/\/mzsolutions.hr\/wp-content\/uploads\/2025\/06\/Anchor-HTML-code-scaled.jpg 2560w, https:\/\/mzsolutions.hr\/wp-content\/uploads\/2025\/06\/Anchor-HTML-code-300x200.jpg 300w, https:\/\/mzsolutions.hr\/wp-content\/uploads\/2025\/06\/Anchor-HTML-code-1024x682.jpg 1024w, https:\/\/mzsolutions.hr\/wp-content\/uploads\/2025\/06\/Anchor-HTML-code-768x511.jpg 768w, https:\/\/mzsolutions.hr\/wp-content\/uploads\/2025\/06\/Anchor-HTML-code-1536x1023.jpg 1536w, https:\/\/mzsolutions.hr\/wp-content\/uploads\/2025\/06\/Anchor-HTML-code-2048x1364.jpg 2048w, https:\/\/mzsolutions.hr\/wp-content\/uploads\/2025\/06\/Anchor-HTML-code-18x12.jpg 18w\" sizes=\"auto, (max-width: 2560px) 100vw, 2560px\" \/><\/a><\/figure>\n\n<div class=\"wp-block-post-excerpt\"><p class=\"wp-block-post-excerpt__excerpt\">Anchor tekst je jedan od onih SEO elemenata koji \u010desto ostaje zanemaren, iako mo\u017ee imati presudnu ulogu u uspjehu va\u0161e strategije link buildinga i cjelokupnog SEO uspjeha. Iako je malen u formi (samo nekoliko rije\u010di koje se prikazuju kao hyperlink) njegova mo\u0107 nadilazi svoju veli\u010dinu. U ovom \u010dlanku obja\u0161njavamo \u0161to je anchor tekst, koje vrste&hellip; <\/p><\/div>\n\n\n<hr class=\"wp-block-separator has-css-opacity\"\/>\n\n\n<div class=\"wp-block-post-date\"><time datetime=\"2025-06-03T19:26:18+00:00\">June 3, 2025<\/time><\/div>\n<\/li><\/ul><\/div>","protected":false},"excerpt":{"rendered":"","protected":false},"author":1,"featured_media":0,"parent":0,"menu_order":0,"comment_status":"closed","ping_status":"closed","template":"","meta":{"footnotes":""},"class_list":["post-852","page","type-page","status-publish","hentry"],"yoast_head":"<!-- This site is optimized with the Yoast SEO plugin v25.2 - https:\/\/yoast.com\/wordpress\/plugins\/seo\/ -->\n<title>Blog - MZ Solutions<\/title>\n<meta name=\"description\" content=\"MZ Solutions blog: Ono najva\u017enije iz svijeta digitalnog marketinga: SEO - Link building - Google ads - Strategija\" \/>\n<meta name=\"robots\" content=\"index, follow, max-snippet:-1, max-image-preview:large, max-video-preview:-1\" \/>\n<link rel=\"canonical\" href=\"https:\/\/mzsolutions.hr\/en\/blog\/\" \/>\n<meta property=\"og:locale\" content=\"en_US\" \/>\n<meta property=\"og:type\" content=\"article\" \/>\n<meta property=\"og:title\" content=\"Blog - MZ Solutions\" \/>\n<meta property=\"og:description\" content=\"MZ Solutions blog: Ono najva\u017enije iz svijeta digitalnog marketinga: SEO - Link building - Google ads - Strategija\" \/>\n<meta property=\"og:url\" content=\"https:\/\/mzsolutions.hr\/en\/blog\/\" \/>\n<meta property=\"og:site_name\" content=\"MZ Solutions\" \/>\n<meta property=\"article:modified_time\" content=\"2025-06-01T17:32:21+00:00\" \/>\n<meta name=\"twitter:card\" content=\"summary_large_image\" \/>\n<script type=\"application\/ld+json\" class=\"yoast-schema-graph\">{\"@context\":\"https:\/\/schema.org\",\"@graph\":[{\"@type\":\"WebPage\",\"@id\":\"https:\/\/mzsolutions.hr\/blog\/\",\"url\":\"https:\/\/mzsolutions.hr\/blog\/\",\"name\":\"Blog - MZ Solutions\",\"isPartOf\":{\"@id\":\"https:\/\/mzsolutions.hr\/#website\"},\"datePublished\":\"2025-06-01T17:12:28+00:00\",\"dateModified\":\"2025-06-01T17:32:21+00:00\",\"description\":\"MZ Solutions blog: Ono najva\u017enije iz svijeta digitalnog marketinga: SEO - Link building - Google ads - Strategija\",\"breadcrumb\":{\"@id\":\"https:\/\/mzsolutions.hr\/blog\/#breadcrumb\"},\"inLanguage\":\"en-US\",\"potentialAction\":[{\"@type\":\"ReadAction\",\"target\":[\"https:\/\/mzsolutions.hr\/blog\/\"]}]},{\"@type\":\"BreadcrumbList\",\"@id\":\"https:\/\/mzsolutions.hr\/blog\/#breadcrumb\",\"itemListElement\":[{\"@type\":\"ListItem\",\"position\":1,\"name\":\"Po\u010detna stranica\",\"item\":\"https:\/\/mzsolutions.hr\/\"},{\"@type\":\"ListItem\",\"position\":2,\"name\":\"Blog\"}]},{\"@type\":\"WebSite\",\"@id\":\"https:\/\/mzsolutions.hr\/#website\",\"url\":\"https:\/\/mzsolutions.hr\/\",\"name\":\"MZ Solutions\",\"description\":\"\",\"publisher\":{\"@id\":\"https:\/\/mzsolutions.hr\/#organization\"},\"potentialAction\":[{\"@type\":\"SearchAction\",\"target\":{\"@type\":\"EntryPoint\",\"urlTemplate\":\"https:\/\/mzsolutions.hr\/?s={search_term_string}\"},\"query-input\":{\"@type\":\"PropertyValueSpecification\",\"valueRequired\":true,\"valueName\":\"search_term_string\"}}],\"inLanguage\":\"en-US\"},{\"@type\":\"Organization\",\"@id\":\"https:\/\/mzsolutions.hr\/#organization\",\"name\":\"MZ Solutions\",\"url\":\"https:\/\/mzsolutions.hr\/\",\"logo\":{\"@type\":\"ImageObject\",\"inLanguage\":\"en-US\",\"@id\":\"https:\/\/mzsolutions.hr\/#\/schema\/logo\/image\/\",\"url\":\"https:\/\/mzsolutions.hr\/wp-content\/uploads\/2024\/01\/2-e1706357479690.png\",\"contentUrl\":\"https:\/\/mzsolutions.hr\/wp-content\/uploads\/2024\/01\/2-e1706357479690.png\",\"width\":739,\"height\":687,\"caption\":\"MZ Solutions\"},\"image\":{\"@id\":\"https:\/\/mzsolutions.hr\/#\/schema\/logo\/image\/\"}}]}<\/script>\n<!-- \/ Yoast SEO plugin. -->","yoast_head_json":{"title":"Blog - MZ Solutions","description":"MZ Solutions blog: Ono najva\u017enije iz svijeta digitalnog marketinga: SEO - Link building - Google ads - Strategija","robots":{"index":"index","follow":"follow","max-snippet":"max-snippet:-1","max-image-preview":"max-image-preview:large","max-video-preview":"max-video-preview:-1"},"canonical":"https:\/\/mzsolutions.hr\/en\/blog\/","og_locale":"en_US","og_type":"article","og_title":"Blog - MZ Solutions","og_description":"MZ Solutions blog: Ono najva\u017enije iz svijeta digitalnog marketinga: SEO - Link building - Google ads - Strategija","og_url":"https:\/\/mzsolutions.hr\/en\/blog\/","og_site_name":"MZ Solutions","article_modified_time":"2025-06-01T17:32:21+00:00","twitter_card":"summary_large_image","schema":{"@context":"https:\/\/schema.org","@graph":[{"@type":"WebPage","@id":"https:\/\/mzsolutions.hr\/blog\/","url":"https:\/\/mzsolutions.hr\/blog\/","name":"Blog - MZ Solutions","isPartOf":{"@id":"https:\/\/mzsolutions.hr\/#website"},"datePublished":"2025-06-01T17:12:28+00:00","dateModified":"2025-06-01T17:32:21+00:00","description":"MZ Solutions blog: Ono najva\u017enije iz svijeta digitalnog marketinga: SEO - Link building - Google ads - Strategija","breadcrumb":{"@id":"https:\/\/mzsolutions.hr\/blog\/#breadcrumb"},"inLanguage":"en-US","potentialAction":[{"@type":"ReadAction","target":["https:\/\/mzsolutions.hr\/blog\/"]}]},{"@type":"BreadcrumbList","@id":"https:\/\/mzsolutions.hr\/blog\/#breadcrumb","itemListElement":[{"@type":"ListItem","position":1,"name":"Po\u010detna stranica","item":"https:\/\/mzsolutions.hr\/"},{"@type":"ListItem","position":2,"name":"Blog"}]},{"@type":"WebSite","@id":"https:\/\/mzsolutions.hr\/#website","url":"https:\/\/mzsolutions.hr\/","name":"MZ Solutions","description":"","publisher":{"@id":"https:\/\/mzsolutions.hr\/#organization"},"potentialAction":[{"@type":"SearchAction","target":{"@type":"EntryPoint","urlTemplate":"https:\/\/mzsolutions.hr\/?s={search_term_string}"},"query-input":{"@type":"PropertyValueSpecification","valueRequired":true,"valueName":"search_term_string"}}],"inLanguage":"en-US"},{"@type":"Organization","@id":"https:\/\/mzsolutions.hr\/#organization","name":"MZ Solutions","url":"https:\/\/mzsolutions.hr\/","logo":{"@type":"ImageObject","inLanguage":"en-US","@id":"https:\/\/mzsolutions.hr\/#\/schema\/logo\/image\/","url":"https:\/\/mzsolutions.hr\/wp-content\/uploads\/2024\/01\/2-e1706357479690.png","contentUrl":"https:\/\/mzsolutions.hr\/wp-content\/uploads\/2024\/01\/2-e1706357479690.png","width":739,"height":687,"caption":"MZ Solutions"},"image":{"@id":"https:\/\/mzsolutions.hr\/#\/schema\/logo\/image\/"}}]}},"_links":{"self":[{"href":"https:\/\/mzsolutions.hr\/en\/wp-json\/wp\/v2\/pages\/852","targetHints":{"allow":["GET"]}}],"collection":[{"href":"https:\/\/mzsolutions.hr\/en\/wp-json\/wp\/v2\/pages"}],"about":[{"href":"https:\/\/mzsolutions.hr\/en\/wp-json\/wp\/v2\/types\/page"}],"author":[{"embeddable":true,"href":"https:\/\/mzsolutions.hr\/en\/wp-json\/wp\/v2\/users\/1"}],"replies":[{"embeddable":true,"href":"https:\/\/mzsolutions.hr\/en\/wp-json\/wp\/v2\/comments?post=852"}],"version-history":[{"count":2,"href":"https:\/\/mzsolutions.hr\/en\/wp-json\/wp\/v2\/pages\/852\/revisions"}],"predecessor-version":[{"id":872,"href":"https:\/\/mzsolutions.hr\/en\/wp-json\/wp\/v2\/pages\/852\/revisions\/872"}],"wp:attachment":[{"href":"https:\/\/mzsolutions.hr\/en\/wp-json\/wp\/v2\/media?parent=852"}],"curies":[{"name":"wp","href":"https:\/\/api.w.org\/{rel}","templated":true}]}}