{"id":662,"date":"2024-02-09T16:41:24","date_gmt":"2024-02-09T16:41:24","guid":{"rendered":"https:\/\/mzsolutions.hr\/?page_id=662"},"modified":"2024-09-23T15:28:10","modified_gmt":"2024-09-23T15:28:10","slug":"o-nama","status":"publish","type":"page","link":"https:\/\/mzsolutions.hr\/en\/o-nama\/","title":{"rendered":"About"},"content":{"rendered":"<div class=\"wp-block-cover alignfull wp-duotone-duotone-5\"><span aria-hidden=\"true\" class=\"wp-block-cover__background has-background-dim\"><\/span><img loading=\"lazy\" decoding=\"async\" width=\"678\" height=\"1024\" class=\"wp-block-cover__image-background wp-image-468\" alt=\"\" src=\"https:\/\/mzsolutions.hr\/\/\/wp-content\/uploads\/2024\/01\/pexels-skylar-kang-6044830-678x1024.jpg\" data-object-fit=\"cover\" srcset=\"https:\/\/mzsolutions.hr\/wp-content\/uploads\/2024\/01\/pexels-skylar-kang-6044830-678x1024.jpg 678w, https:\/\/mzsolutions.hr\/wp-content\/uploads\/2024\/01\/pexels-skylar-kang-6044830-199x300.jpg 199w, https:\/\/mzsolutions.hr\/wp-content\/uploads\/2024\/01\/pexels-skylar-kang-6044830-768x1160.jpg 768w, https:\/\/mzsolutions.hr\/wp-content\/uploads\/2024\/01\/pexels-skylar-kang-6044830-1017x1536.jpg 1017w, https:\/\/mzsolutions.hr\/wp-content\/uploads\/2024\/01\/pexels-skylar-kang-6044830-1356x2048.jpg 1356w, https:\/\/mzsolutions.hr\/wp-content\/uploads\/2024\/01\/pexels-skylar-kang-6044830-scaled.jpg 1696w\" sizes=\"auto, (max-width: 678px) 100vw, 678px\" \/><div class=\"wp-block-cover__inner-container is-layout-flow wp-block-cover-is-layout-flow\">\n<h2 class=\"wp-block-heading has-text-align-center has-base-2-color has-text-color has-link-color wp-elements-29d124051bc7deec24221952080037e6\" style=\"font-size:clamp(33.419px, 2.089rem + ((1vw - 3.2px) * -18.986), 60px);\"><strong>MZ SOLUTIONS<\/strong><\/h2>\n\n\n\n<p class=\"has-text-align-center has-large-font-size\">A TRUSTED PARTNER ON THE MISSION OF A SUCCESSFUL <br>PRESENTMENT OF YOUR BUSINESS IN THE ONLINE WORLD<\/p>\n<\/div><\/div>\n\n\n\n<div style=\"height:80px\" aria-hidden=\"true\" class=\"wp-block-spacer\"><\/div>\n\n\n\n<h4 class=\"wp-block-heading has-large-font-size\"><strong>DO YOU WANT TO PRESENT AND ACCENT YOUR BUSINESS IN THE RIGHT LIGHT? ARE YOU LOOKING FOR A RELIABLE PARTNER?  <\/strong><\/h4>\n\n\n\n<h4 class=\"wp-block-heading\" style=\"font-size:clamp(24.034px, 1.502rem + ((1vw - 3.2px) * -11.404), 40px);\"><strong>You might be our ideal client<\/strong><\/h4>\n\n\n\n<p style=\"font-size:clamp(24.034px, 1.502rem + ((1vw - 3.2px) * -11.404), 40px);\">We are looking for business owners in search of <strong>support in the growth of their business<\/strong>so they can stay focused on their business. If you are looking for a partner who understands your needs and provides personalized solutions, MZ Solutions is the right choice for you.<\/p>\n\n\n\n<div style=\"height:30px\" aria-hidden=\"true\" class=\"wp-block-spacer\"><\/div>\n\n\n\n<div class=\"wp-block-buttons is-content-justification-center is-layout-flex wp-container-core-buttons-is-layout-a89b3969 wp-block-buttons-is-layout-flex\">\n<div class=\"wp-block-button has-custom-font-size is-style-outline has-large-font-size is-style-outline--1\"><a class=\"wp-block-button__link wp-element-button\" href=\"https:\/\/mzsolutions.hr\/en\/kontakt\/\" style=\"border-radius:0px\">Contact us \u2192<\/a><\/div>\n<\/div>\n\n\n\n<div style=\"height:100px\" aria-hidden=\"true\" class=\"wp-block-spacer\"><\/div>\n\n\n\n<p><\/p>\n\n\n\n<div class=\"wp-block-columns is-layout-flex wp-container-core-columns-is-layout-28f84493 wp-block-columns-is-layout-flex\">\n<div class=\"wp-block-column is-layout-flow wp-block-column-is-layout-flow\">\n<figure class=\"wp-block-image size-large is-resized\"><img loading=\"lazy\" decoding=\"async\" width=\"1024\" height=\"768\" src=\"https:\/\/mzsolutions.hr\/\/\/wp-content\/uploads\/2024\/01\/Velika-stavka-pexels-jess-bailey-designs-1558690-1024x768.jpeg\" alt=\"\" class=\"wp-image-473\" style=\"aspect-ratio:0.7142857142857143;object-fit:cover;width:589px;height:auto\" srcset=\"https:\/\/mzsolutions.hr\/wp-content\/uploads\/2024\/01\/Velika-stavka-pexels-jess-bailey-designs-1558690-1024x768.jpeg 1024w, https:\/\/mzsolutions.hr\/wp-content\/uploads\/2024\/01\/Velika-stavka-pexels-jess-bailey-designs-1558690-300x225.jpeg 300w, https:\/\/mzsolutions.hr\/wp-content\/uploads\/2024\/01\/Velika-stavka-pexels-jess-bailey-designs-1558690-768x576.jpeg 768w, https:\/\/mzsolutions.hr\/wp-content\/uploads\/2024\/01\/Velika-stavka-pexels-jess-bailey-designs-1558690.jpeg 1280w\" sizes=\"auto, (max-width: 1024px) 100vw, 1024px\" \/><\/figure>\n<\/div>\n\n\n\n<div class=\"wp-block-column is-layout-flow wp-block-column-is-layout-flow\">\n<div style=\"height:50px\" aria-hidden=\"true\" class=\"wp-block-spacer\"><\/div>\n\n\n\n<h2 class=\"wp-block-heading\"><strong>About<\/strong><\/h2>\n\n\n\n<p style=\"font-size:clamp(21.536px, 1.346rem + ((1vw - 3.2px) * -9.617), 35px);\">We are a digital marketing agency registered in Zagreb, but our reach is not limited by borders. We provide high-quality services to clients all over the world, regardless of their location.<\/p>\n\n\n\n<div style=\"height:50px\" aria-hidden=\"true\" class=\"wp-block-spacer\"><\/div>\n\n\n\n<h2 class=\"wp-block-heading\"><strong>Our Mission<\/strong><\/h2>\n\n\n\n<p style=\"font-size:clamp(21.536px, 1.346rem + ((1vw - 3.2px) * -9.617), 35px);\">Our mission is to support our clients' business growth through the effective use of digital marketing tools and to become an integral part of their success story through continued collaboration.<\/p>\n\n\n\n<div style=\"height:50px\" aria-hidden=\"true\" class=\"wp-block-spacer\"><\/div>\n\n\n\n<h2 class=\"wp-block-heading\"><strong>Our Vision<\/strong><\/h2>\n\n\n\n<p style=\"font-size:clamp(21.536px, 1.346rem + ((1vw - 3.2px) * -9.617), 35px);\">We want to support business owners to effectively present their brand, products and services in the online world and thus achieve success in their business.<\/p>\n<\/div>\n<\/div>\n\n\n\n<div style=\"height:100px\" aria-hidden=\"true\" class=\"wp-block-spacer\"><\/div>\n\n\n\n<div class=\"wp-block-group alignfull has-accent-background-color has-background has-global-padding is-layout-constrained wp-container-core-group-is-layout-669513ed wp-block-group-is-layout-constrained\" style=\"margin-top:0;margin-bottom:0;padding-top:var(--wp--preset--spacing--50);padding-right:var(--wp--preset--spacing--50);padding-bottom:var(--wp--preset--spacing--50);padding-left:var(--wp--preset--spacing--50)\">\n<div class=\"wp-block-columns is-layout-flex wp-container-core-columns-is-layout-28f84493 wp-block-columns-is-layout-flex\">\n<div class=\"wp-block-column is-layout-flow wp-block-column-is-layout-flow\">\n<h2 class=\"wp-block-heading\"><strong>Our Values<\/strong><\/h2>\n\n\n\n<p style=\"font-size:clamp(21.536px, 1.346rem + ((1vw - 3.2px) * -9.617), 35px);\">In our work, we are guided by resourcefulness, simplicity, responsibility, reliability and, of course, achieving success alongside our clients.<\/p>\n\n\n\n<div style=\"height:50px\" aria-hidden=\"true\" class=\"wp-block-spacer\"><\/div>\n\n\n\n<h2 class=\"wp-block-heading\"><strong>Why us?<\/strong><\/h2>\n\n\n\n<p style=\"font-size:clamp(21.536px, 1.346rem + ((1vw - 3.2px) * -9.617), 35px);\">Ono po \u010demu se isti\u010demo su na\u0161a pouzdanost, stru\u010dnost u raznim podru\u010djima digitalnog marketinga, sveobuhvatna strategija, smisao za estetiku i pa\u017enja prema detaljima.<\/p>\n\n\n\n<div style=\"height:40px\" aria-hidden=\"true\" class=\"wp-block-spacer\"><\/div>\n\n\n\n<p style=\"font-size:clamp(21.536px, 1.346rem + ((1vw - 3.2px) * -9.617), 35px);\"><strong>We know that every business is unique, and that's why we provide solutions tailored to each client.<\/strong>.<\/p>\n<\/div>\n\n\n\n<div class=\"wp-block-column is-layout-flow wp-block-column-is-layout-flow\">\n<figure class=\"wp-block-image size-large is-resized\"><img loading=\"lazy\" decoding=\"async\" width=\"684\" height=\"1024\" src=\"https:\/\/mzsolutions.hr\/\/\/wp-content\/uploads\/2024\/01\/Velika-stavka-pexels-cottonbro-studio-4065617-684x1024.jpeg\" alt=\"\" class=\"wp-image-470\" style=\"width:523px;height:auto\" srcset=\"https:\/\/mzsolutions.hr\/wp-content\/uploads\/2024\/01\/Velika-stavka-pexels-cottonbro-studio-4065617-684x1024.jpeg 684w, https:\/\/mzsolutions.hr\/wp-content\/uploads\/2024\/01\/Velika-stavka-pexels-cottonbro-studio-4065617-200x300.jpeg 200w, https:\/\/mzsolutions.hr\/wp-content\/uploads\/2024\/01\/Velika-stavka-pexels-cottonbro-studio-4065617-768x1150.jpeg 768w, https:\/\/mzsolutions.hr\/wp-content\/uploads\/2024\/01\/Velika-stavka-pexels-cottonbro-studio-4065617.jpeg 855w\" sizes=\"auto, (max-width: 684px) 100vw, 684px\" \/><\/figure>\n<\/div>\n<\/div>\n<\/div>\n\n\n\n<div class=\"wp-block-group alignfull has-contrast-color has-base-2-background-color has-text-color has-background has-global-padding is-layout-constrained wp-container-core-group-is-layout-ef3d885c wp-block-group-is-layout-constrained\" style=\"min-height:0px;margin-top:0;margin-bottom:0;padding-top:var(--wp--preset--spacing--60);padding-right:var(--wp--preset--spacing--60);padding-bottom:var(--wp--preset--spacing--60);padding-left:var(--wp--preset--spacing--60)\">\n<div class=\"wp-block-columns is-layout-flex wp-container-core-columns-is-layout-28f84493 wp-block-columns-is-layout-flex\">\n<div class=\"wp-block-column is-layout-flow wp-block-column-is-layout-flow\">\n<h2 class=\"wp-block-heading has-text-align-center is-style-default has-contrast-color has-text-color has-link-color wp-elements-a7deb64081910ce0fbfda3632a01942a\">NOT SURE WHERE TO START?<\/h2>\n\n\n\n<p class=\"has-text-align-center has-contrast-color has-text-color has-link-color wp-elements-586719049a604f42976cea416a7d2914\" style=\"font-size:clamp(21.536px, 1.346rem + ((1vw - 3.2px) * -9.617), 35px);\"><br>Contact us and request a free consultation<\/p>\n\n\n\n<div style=\"height:25px\" aria-hidden=\"true\" class=\"wp-block-spacer\"><\/div>\n\n\n\n<div class=\"wp-block-buttons is-content-justification-center is-layout-flex wp-container-core-buttons-is-layout-a89b3969 wp-block-buttons-is-layout-flex\">\n<div class=\"wp-block-button has-custom-font-size is-style-outline has-medium-font-size is-style-outline--2\"><a class=\"wp-block-button__link has-border-color has-contrast-border-color has-text-align-center wp-element-button\" href=\"https:\/\/mzsolutions.hr\/en\/kontakt\/\" style=\"border-width:1px;border-radius:0px\">CONTACT US<\/a><\/div>\n<\/div>\n<\/div>\n<\/div>\n<\/div>\n\n\n\n<div class=\"wp-block-cover alignfull\" style=\"min-height:299px;aspect-ratio:unset;\"><span aria-hidden=\"true\" class=\"wp-block-cover__background has-background-dim\"><\/span><img loading=\"lazy\" decoding=\"async\" width=\"684\" height=\"1024\" class=\"wp-block-cover__image-background wp-image-470\" alt=\"\" src=\"https:\/\/mzsolutions.hr\/\/\/wp-content\/uploads\/2024\/01\/Velika-stavka-pexels-cottonbro-studio-4065617-684x1024.jpeg\" data-object-fit=\"cover\" srcset=\"https:\/\/mzsolutions.hr\/wp-content\/uploads\/2024\/01\/Velika-stavka-pexels-cottonbro-studio-4065617-684x1024.jpeg 684w, https:\/\/mzsolutions.hr\/wp-content\/uploads\/2024\/01\/Velika-stavka-pexels-cottonbro-studio-4065617-200x300.jpeg 200w, https:\/\/mzsolutions.hr\/wp-content\/uploads\/2024\/01\/Velika-stavka-pexels-cottonbro-studio-4065617-768x1150.jpeg 768w, https:\/\/mzsolutions.hr\/wp-content\/uploads\/2024\/01\/Velika-stavka-pexels-cottonbro-studio-4065617.jpeg 855w\" sizes=\"auto, (max-width: 684px) 100vw, 684px\" \/><div class=\"wp-block-cover__inner-container is-layout-flow wp-block-cover-is-layout-flow\">\n<p class=\"has-text-align-center has-large-font-size\"><\/p>\n<\/div><\/div>","protected":false},"excerpt":{"rendered":"<p>\u017dELITE LI PREDSTAVITI I ISTAKNUTI SVOJE POSLOVANJE U PRAVOM SVJETLU I TRA\u017dITE POUZDANOG PARTNERA ZA TO? Mo\u017eda ste upravo Vi na\u0161 idealni klijent Tra\u017eimo vlasnike poslovanja koji \u017eele podr\u0161ku u rastu svog poslovanja, a istovremeno \u017eele biti fokusirani na svoj biznis. Ako \u017eelite partnera koji razumije Va\u0161e potrebe i pru\u017ea personalizirana rje\u0161enja, MZ Solutions je [&hellip;]<\/p>","protected":false},"author":1,"featured_media":0,"parent":0,"menu_order":0,"comment_status":"closed","ping_status":"closed","template":"","meta":{"footnotes":""},"class_list":["post-662","page","type-page","status-publish","hentry"],"yoast_head":"<!-- This site is optimized with the Yoast SEO plugin v25.2 - https:\/\/yoast.com\/wordpress\/plugins\/seo\/ -->\n<title>O nama - MZ Solutions<\/title>\n<meta name=\"robots\" content=\"index, follow, max-snippet:-1, max-image-preview:large, max-video-preview:-1\" \/>\n<link rel=\"canonical\" href=\"https:\/\/mzsolutions.hr\/en\/o-nama\/\" \/>\n<meta property=\"og:locale\" content=\"en_US\" \/>\n<meta property=\"og:type\" content=\"article\" \/>\n<meta property=\"og:title\" content=\"O nama - MZ Solutions\" \/>\n<meta property=\"og:description\" content=\"\u017dELITE LI PREDSTAVITI I ISTAKNUTI SVOJE POSLOVANJE U PRAVOM SVJETLU I TRA\u017dITE POUZDANOG PARTNERA ZA TO? Mo\u017eda ste upravo Vi na\u0161 idealni klijent Tra\u017eimo vlasnike poslovanja koji \u017eele podr\u0161ku u rastu svog poslovanja, a istovremeno \u017eele biti fokusirani na svoj biznis. Ako \u017eelite partnera koji razumije Va\u0161e potrebe i pru\u017ea personalizirana rje\u0161enja, MZ Solutions je [&hellip;]\" \/>\n<meta property=\"og:url\" content=\"https:\/\/mzsolutions.hr\/en\/o-nama\/\" \/>\n<meta property=\"og:site_name\" content=\"MZ Solutions\" \/>\n<meta property=\"article:modified_time\" content=\"2024-09-23T15:28:10+00:00\" \/>\n<meta property=\"og:image\" content=\"https:\/\/mzsolutions.hr\/wp-content\/uploads\/2024\/01\/pexels-skylar-kang-6044830-678x1024.jpg\" \/>\n<meta name=\"twitter:card\" content=\"summary_large_image\" \/>\n<meta name=\"twitter:label1\" content=\"Est. reading time\" \/>\n\t<meta name=\"twitter:data1\" content=\"3 minutes\" \/>\n<script type=\"application\/ld+json\" class=\"yoast-schema-graph\">{\"@context\":\"https:\/\/schema.org\",\"@graph\":[{\"@type\":\"WebPage\",\"@id\":\"https:\/\/mzsolutions.hr\/o-nama\/\",\"url\":\"https:\/\/mzsolutions.hr\/o-nama\/\",\"name\":\"O nama - MZ Solutions\",\"isPartOf\":{\"@id\":\"https:\/\/mzsolutions.hr\/#website\"},\"primaryImageOfPage\":{\"@id\":\"https:\/\/mzsolutions.hr\/o-nama\/#primaryimage\"},\"image\":{\"@id\":\"https:\/\/mzsolutions.hr\/o-nama\/#primaryimage\"},\"thumbnailUrl\":\"https:\/\/mzsolutions.hr\/\/\/wp-content\/uploads\/2024\/01\/pexels-skylar-kang-6044830-678x1024.jpg\",\"datePublished\":\"2024-02-09T16:41:24+00:00\",\"dateModified\":\"2024-09-23T15:28:10+00:00\",\"breadcrumb\":{\"@id\":\"https:\/\/mzsolutions.hr\/o-nama\/#breadcrumb\"},\"inLanguage\":\"en-US\",\"potentialAction\":[{\"@type\":\"ReadAction\",\"target\":[\"https:\/\/mzsolutions.hr\/o-nama\/\"]}]},{\"@type\":\"ImageObject\",\"inLanguage\":\"en-US\",\"@id\":\"https:\/\/mzsolutions.hr\/o-nama\/#primaryimage\",\"url\":\"https:\/\/mzsolutions.hr\/\/\/wp-content\/uploads\/2024\/01\/pexels-skylar-kang-6044830-678x1024.jpg\",\"contentUrl\":\"https:\/\/mzsolutions.hr\/\/\/wp-content\/uploads\/2024\/01\/pexels-skylar-kang-6044830-678x1024.jpg\"},{\"@type\":\"BreadcrumbList\",\"@id\":\"https:\/\/mzsolutions.hr\/o-nama\/#breadcrumb\",\"itemListElement\":[{\"@type\":\"ListItem\",\"position\":1,\"name\":\"Po\u010detna stranica\",\"item\":\"https:\/\/mzsolutions.hr\/\"},{\"@type\":\"ListItem\",\"position\":2,\"name\":\"O nama\"}]},{\"@type\":\"WebSite\",\"@id\":\"https:\/\/mzsolutions.hr\/#website\",\"url\":\"https:\/\/mzsolutions.hr\/\",\"name\":\"MZ Solutions\",\"description\":\"\",\"publisher\":{\"@id\":\"https:\/\/mzsolutions.hr\/#organization\"},\"potentialAction\":[{\"@type\":\"SearchAction\",\"target\":{\"@type\":\"EntryPoint\",\"urlTemplate\":\"https:\/\/mzsolutions.hr\/?s={search_term_string}\"},\"query-input\":{\"@type\":\"PropertyValueSpecification\",\"valueRequired\":true,\"valueName\":\"search_term_string\"}}],\"inLanguage\":\"en-US\"},{\"@type\":\"Organization\",\"@id\":\"https:\/\/mzsolutions.hr\/#organization\",\"name\":\"MZ Solutions\",\"url\":\"https:\/\/mzsolutions.hr\/\",\"logo\":{\"@type\":\"ImageObject\",\"inLanguage\":\"en-US\",\"@id\":\"https:\/\/mzsolutions.hr\/#\/schema\/logo\/image\/\",\"url\":\"https:\/\/mzsolutions.hr\/wp-content\/uploads\/2024\/01\/2-e1706357479690.png\",\"contentUrl\":\"https:\/\/mzsolutions.hr\/wp-content\/uploads\/2024\/01\/2-e1706357479690.png\",\"width\":739,\"height\":687,\"caption\":\"MZ Solutions\"},\"image\":{\"@id\":\"https:\/\/mzsolutions.hr\/#\/schema\/logo\/image\/\"}}]}<\/script>\n<!-- \/ Yoast SEO plugin. -->","yoast_head_json":{"title":"O nama - MZ Solutions","robots":{"index":"index","follow":"follow","max-snippet":"max-snippet:-1","max-image-preview":"max-image-preview:large","max-video-preview":"max-video-preview:-1"},"canonical":"https:\/\/mzsolutions.hr\/en\/o-nama\/","og_locale":"en_US","og_type":"article","og_title":"O nama - MZ Solutions","og_description":"\u017dELITE LI PREDSTAVITI I ISTAKNUTI SVOJE POSLOVANJE U PRAVOM SVJETLU I TRA\u017dITE POUZDANOG PARTNERA ZA TO? Mo\u017eda ste upravo Vi na\u0161 idealni klijent Tra\u017eimo vlasnike poslovanja koji \u017eele podr\u0161ku u rastu svog poslovanja, a istovremeno \u017eele biti fokusirani na svoj biznis. Ako \u017eelite partnera koji razumije Va\u0161e potrebe i pru\u017ea personalizirana rje\u0161enja, MZ Solutions je [&hellip;]","og_url":"https:\/\/mzsolutions.hr\/en\/o-nama\/","og_site_name":"MZ Solutions","article_modified_time":"2024-09-23T15:28:10+00:00","og_image":[{"url":"https:\/\/mzsolutions.hr\/wp-content\/uploads\/2024\/01\/pexels-skylar-kang-6044830-678x1024.jpg","type":"","width":"","height":""}],"twitter_card":"summary_large_image","twitter_misc":{"Est. reading time":"3 minutes"},"schema":{"@context":"https:\/\/schema.org","@graph":[{"@type":"WebPage","@id":"https:\/\/mzsolutions.hr\/o-nama\/","url":"https:\/\/mzsolutions.hr\/o-nama\/","name":"O nama - MZ Solutions","isPartOf":{"@id":"https:\/\/mzsolutions.hr\/#website"},"primaryImageOfPage":{"@id":"https:\/\/mzsolutions.hr\/o-nama\/#primaryimage"},"image":{"@id":"https:\/\/mzsolutions.hr\/o-nama\/#primaryimage"},"thumbnailUrl":"https:\/\/mzsolutions.hr\/\/\/wp-content\/uploads\/2024\/01\/pexels-skylar-kang-6044830-678x1024.jpg","datePublished":"2024-02-09T16:41:24+00:00","dateModified":"2024-09-23T15:28:10+00:00","breadcrumb":{"@id":"https:\/\/mzsolutions.hr\/o-nama\/#breadcrumb"},"inLanguage":"en-US","potentialAction":[{"@type":"ReadAction","target":["https:\/\/mzsolutions.hr\/o-nama\/"]}]},{"@type":"ImageObject","inLanguage":"en-US","@id":"https:\/\/mzsolutions.hr\/o-nama\/#primaryimage","url":"https:\/\/mzsolutions.hr\/\/\/wp-content\/uploads\/2024\/01\/pexels-skylar-kang-6044830-678x1024.jpg","contentUrl":"https:\/\/mzsolutions.hr\/\/\/wp-content\/uploads\/2024\/01\/pexels-skylar-kang-6044830-678x1024.jpg"},{"@type":"BreadcrumbList","@id":"https:\/\/mzsolutions.hr\/o-nama\/#breadcrumb","itemListElement":[{"@type":"ListItem","position":1,"name":"Po\u010detna stranica","item":"https:\/\/mzsolutions.hr\/"},{"@type":"ListItem","position":2,"name":"O nama"}]},{"@type":"WebSite","@id":"https:\/\/mzsolutions.hr\/#website","url":"https:\/\/mzsolutions.hr\/","name":"MZ Solutions","description":"","publisher":{"@id":"https:\/\/mzsolutions.hr\/#organization"},"potentialAction":[{"@type":"SearchAction","target":{"@type":"EntryPoint","urlTemplate":"https:\/\/mzsolutions.hr\/?s={search_term_string}"},"query-input":{"@type":"PropertyValueSpecification","valueRequired":true,"valueName":"search_term_string"}}],"inLanguage":"en-US"},{"@type":"Organization","@id":"https:\/\/mzsolutions.hr\/#organization","name":"MZ Solutions","url":"https:\/\/mzsolutions.hr\/","logo":{"@type":"ImageObject","inLanguage":"en-US","@id":"https:\/\/mzsolutions.hr\/#\/schema\/logo\/image\/","url":"https:\/\/mzsolutions.hr\/wp-content\/uploads\/2024\/01\/2-e1706357479690.png","contentUrl":"https:\/\/mzsolutions.hr\/wp-content\/uploads\/2024\/01\/2-e1706357479690.png","width":739,"height":687,"caption":"MZ Solutions"},"image":{"@id":"https:\/\/mzsolutions.hr\/#\/schema\/logo\/image\/"}}]}},"_links":{"self":[{"href":"https:\/\/mzsolutions.hr\/en\/wp-json\/wp\/v2\/pages\/662","targetHints":{"allow":["GET"]}}],"collection":[{"href":"https:\/\/mzsolutions.hr\/en\/wp-json\/wp\/v2\/pages"}],"about":[{"href":"https:\/\/mzsolutions.hr\/en\/wp-json\/wp\/v2\/types\/page"}],"author":[{"embeddable":true,"href":"https:\/\/mzsolutions.hr\/en\/wp-json\/wp\/v2\/users\/1"}],"replies":[{"embeddable":true,"href":"https:\/\/mzsolutions.hr\/en\/wp-json\/wp\/v2\/comments?post=662"}],"version-history":[{"count":8,"href":"https:\/\/mzsolutions.hr\/en\/wp-json\/wp\/v2\/pages\/662\/revisions"}],"predecessor-version":[{"id":738,"href":"https:\/\/mzsolutions.hr\/en\/wp-json\/wp\/v2\/pages\/662\/revisions\/738"}],"wp:attachment":[{"href":"https:\/\/mzsolutions.hr\/en\/wp-json\/wp\/v2\/media?parent=662"}],"curies":[{"name":"wp","href":"https:\/\/api.w.org\/{rel}","templated":true}]}}